{"id":18,"date":"2023-02-05T16:40:42","date_gmt":"2023-02-05T16:40:42","guid":{"rendered":"https:\/\/bd.plavipixel.hr\/?page_id=18"},"modified":"2023-02-14T09:37:58","modified_gmt":"2023-02-14T09:37:58","slug":"landing","status":"publish","type":"page","link":"https:\/\/bd.plavipixel.hr\/hr\/","title":{"rendered":"Landing"},"content":{"rendered":"<section class=\"bde-section-18-100 bde-section\">\n          \n          \n  \n\t\n\n\n\n<div class=\"section-container\"><h2 class=\"bde-heading-18-115 bde-heading subheading\">\n          \n          HR TEST Dizalice topline za grijanje i hla\u0111enje\n         <\/h2><h1 class=\"bde-heading-18-114 bde-heading\">\n          \n          SPHERA EVO 2.0\n         <\/h1><\/div>\n         <\/section><section class=\"bde-section-18-110 bde-section\">\n          \n          \n  \n\t\n\n\n\n<div class=\"section-container\"><div class=\"bde-text-18-111 bde-text\">\n          \n          Home \/ Proizvodi za dom \/ Dizalica topline \/ SPHERA EVO 2.0\n         <\/div><\/div>\n         <\/section><section class=\"bde-section-18-103 bde-section\">\n          \n          \n  \n\t\n\n\n\n<div class=\"section-container\"><div class=\"bde-columns-18-104 bde-columns\"><div class=\"bde-column-18-105 bde-column\">\n          \n          \n  \n\t\n\n\n\n<div class=\"bde-rich-text-18-116 bde-rich-text breakdance-rich-text-styles\">\n          \n          <p>Visokou\u010dinkovita inverterska monoblok dizalica topline koja mo\u017ee zagrijati i rashladiti prostor.<\/p><p>Zahvaljuju\u0107i optimalnom upravljanju energijom zajam\u010dene su maksimalne performanse pri bilo kojoj vanjskoj temperaturi. Verzija POCKET ne uklju\u010duje hidrauli\u010dki modul zbog maksimalno smanjenih dimenzija.<\/p>\n         <\/div><ul class=\"bde-frequently-asked-questions-18-133 bde-frequently-asked-questions\">\n          \n                <li class=\"bde-faq__item\">\n       <div class=\"bde-faq__question js-faq-item\">\n          <h3 class=\"bde-faq__title\">High Efficiency<\/h3>\n                           <div class=\"bde-faq__icon bde-faq__icon--inactive\">\n                                <svg xmlns=\"http:\/\/www.w3.org\/2000\/svg\" id=\"icon-plus\" viewbox=\"0 0 32 32\">\r\n<path d=\"M31 12h-11v-11c0-0.552-0.448-1-1-1h-6c-0.552 0-1 0.448-1 1v11h-11c-0.552 0-1 0.448-1 1v6c0 0.552 0.448 1 1 1h11v11c0 0.552 0.448 1 1 1h6c0.552 0 1-0.448 1-1v-11h11c0.552 0 1-0.448 1-1v-6c0-0.552-0.448-1-1-1z\"\/>\r\n<\/svg>\n                            <\/div>\n         \t  <div class=\"bde-faq__icon bde-faq__icon--active\">\n                                <svg xmlns=\"http:\/\/www.w3.org\/2000\/svg\" viewbox=\"0 0 448 512\"><!-- Font Awesome Free 5.15.1 by @fontawesome - https:\/\/fontawesome.com License - https:\/\/fontawesome.com\/license\/free (Icons: CC BY 4.0, Fonts: SIL OFL 1.1, Code: MIT License) --><path d=\"M416 208H32c-17.67 0-32 14.33-32 32v32c0 17.67 14.33 32 32 32h384c17.67 0 32-14.33 32-32v-32c0-17.67-14.33-32-32-32z\"\/><\/svg>\n                            <\/div>\n                  <\/div>\n      <div class=\"bde-faq__answer\">\n        <div class=\"bde-faq__answer-content breakdance-rich-text-styles\">\n        <p>Putem na\u0161eg Newslettera \u010desto \u0161aljemo novosti i fantasti\u010dne ponude. Va\u0161e podatke nikad ne\u0107emo proslijediti prema tre\u0107im stranama.<\/p>\n        <\/div>\n              <\/div>\n    <\/li>\n      <li class=\"bde-faq__item\">\n       <div class=\"bde-faq__question js-faq-item\">\n          <h3 class=\"bde-faq__title\">Quiet operation<\/h3>\n                           <div class=\"bde-faq__icon bde-faq__icon--inactive\">\n                                <svg xmlns=\"http:\/\/www.w3.org\/2000\/svg\" id=\"icon-plus\" viewbox=\"0 0 32 32\">\r\n<path d=\"M31 12h-11v-11c0-0.552-0.448-1-1-1h-6c-0.552 0-1 0.448-1 1v11h-11c-0.552 0-1 0.448-1 1v6c0 0.552 0.448 1 1 1h11v11c0 0.552 0.448 1 1 1h6c0.552 0 1-0.448 1-1v-11h11c0.552 0 1-0.448 1-1v-6c0-0.552-0.448-1-1-1z\"\/>\r\n<\/svg>\n                            <\/div>\n         \t  <div class=\"bde-faq__icon bde-faq__icon--active\">\n                                <svg xmlns=\"http:\/\/www.w3.org\/2000\/svg\" viewbox=\"0 0 448 512\"><!-- Font Awesome Free 5.15.1 by @fontawesome - https:\/\/fontawesome.com License - https:\/\/fontawesome.com\/license\/free (Icons: CC BY 4.0, Fonts: SIL OFL 1.1, Code: MIT License) --><path d=\"M416 208H32c-17.67 0-32 14.33-32 32v32c0 17.67 14.33 32 32 32h384c17.67 0 32-14.33 32-32v-32c0-17.67-14.33-32-32-32z\"\/><\/svg>\n                            <\/div>\n                  <\/div>\n      <div class=\"bde-faq__answer\">\n        <div class=\"bde-faq__answer-content breakdance-rich-text-styles\">\n        <p>Unfortunately, we\u2019re unable to offer free samples. As a retailer, we buy all magazines from their publishers at the regular trade price. However, you could contact the magazine\u2019s publisher directly to ask if they can send you a free copy.<\/p>\n        <\/div>\n              <\/div>\n    <\/li>\n      <li class=\"bde-faq__item\">\n       <div class=\"bde-faq__question js-faq-item\">\n          <h3 class=\"bde-faq__title\">Smart home compatible<\/h3>\n                           <div class=\"bde-faq__icon bde-faq__icon--inactive\">\n                                <svg xmlns=\"http:\/\/www.w3.org\/2000\/svg\" id=\"icon-plus\" viewbox=\"0 0 32 32\">\r\n<path d=\"M31 12h-11v-11c0-0.552-0.448-1-1-1h-6c-0.552 0-1 0.448-1 1v11h-11c-0.552 0-1 0.448-1 1v6c0 0.552 0.448 1 1 1h11v11c0 0.552 0.448 1 1 1h6c0.552 0 1-0.448 1-1v-11h11c0.552 0 1-0.448 1-1v-6c0-0.552-0.448-1-1-1z\"\/>\r\n<\/svg>\n                            <\/div>\n         \t  <div class=\"bde-faq__icon bde-faq__icon--active\">\n                                <svg xmlns=\"http:\/\/www.w3.org\/2000\/svg\" viewbox=\"0 0 448 512\"><!-- Font Awesome Free 5.15.1 by @fontawesome - https:\/\/fontawesome.com License - https:\/\/fontawesome.com\/license\/free (Icons: CC BY 4.0, Fonts: SIL OFL 1.1, Code: MIT License) --><path d=\"M416 208H32c-17.67 0-32 14.33-32 32v32c0 17.67 14.33 32 32 32h384c17.67 0 32-14.33 32-32v-32c0-17.67-14.33-32-32-32z\"\/><\/svg>\n                            <\/div>\n                  <\/div>\n      <div class=\"bde-faq__answer\">\n        <div class=\"bde-faq__answer-content breakdance-rich-text-styles\">\n        <p>You can create a new account at the end of the order process or on the following page. You can view all of your orders and subscriptions in your customer account. You can also change your addresses and your password.<\/p>\n        <\/div>\n              <\/div>\n    <\/li>\n      <li class=\"bde-faq__item\">\n       <div class=\"bde-faq__question js-faq-item\">\n          <h3 class=\"bde-faq__title\">Invisible design<\/h3>\n                           <div class=\"bde-faq__icon bde-faq__icon--inactive\">\n                                <svg xmlns=\"http:\/\/www.w3.org\/2000\/svg\" id=\"icon-plus\" viewbox=\"0 0 32 32\">\r\n<path d=\"M31 12h-11v-11c0-0.552-0.448-1-1-1h-6c-0.552 0-1 0.448-1 1v11h-11c-0.552 0-1 0.448-1 1v6c0 0.552 0.448 1 1 1h11v11c0 0.552 0.448 1 1 1h6c0.552 0 1-0.448 1-1v-11h11c0.552 0 1-0.448 1-1v-6c0-0.552-0.448-1-1-1z\"\/>\r\n<\/svg>\n                            <\/div>\n         \t  <div class=\"bde-faq__icon bde-faq__icon--active\">\n                                <svg xmlns=\"http:\/\/www.w3.org\/2000\/svg\" viewbox=\"0 0 448 512\"><!-- Font Awesome Free 5.15.1 by @fontawesome - https:\/\/fontawesome.com License - https:\/\/fontawesome.com\/license\/free (Icons: CC BY 4.0, Fonts: SIL OFL 1.1, Code: MIT License) --><path d=\"M416 208H32c-17.67 0-32 14.33-32 32v32c0 17.67 14.33 32 32 32h384c17.67 0 32-14.33 32-32v-32c0-17.67-14.33-32-32-32z\"\/><\/svg>\n                            <\/div>\n                  <\/div>\n      <div class=\"bde-faq__answer\">\n        <div class=\"bde-faq__answer-content breakdance-rich-text-styles\">\n        <p>No, you don\u2019t have to create an account. But there are a few advantages if you create an account.<\/p><ul><li><p>You never have to enter your billing and shipping address again<\/p><\/li><li><p>Find all of your orders, subscriptions and addresses in your account<\/p><\/li><li><p>Download invoices of your orders<\/p><\/li><\/ul>\n        <\/div>\n              <\/div>\n    <\/li>\n  \n         <\/ul>\n         <\/div><div class=\"bde-column-18-106 bde-column\">\n          \n          \n  \n\t\n\n\n\n<div class=\"bde-image-18-136 bde-image\" data-entrance=\"fade\">\n          \n            \n\n\n\n\n\n<figure class=\"breakdance-image breakdance-image--39\">\n\t<div class=\"breakdance-image-container\">\n\t\t<div class=\"breakdance-image-clip\">\n\t\t\t\n\t\t\t\t\n\t\t\t\t\t      \n  \n  \n  \n  \n      \n      <img loading=\"lazy\" decoding=\"async\"\n      class=\"breakdance-image-object\"\n      src=\"https:\/\/bd.plavipixel.hr\/wp-content\/uploads\/2023\/02\/SPHERA-EVO_2.0.jpg\"\n      width=\"1050\"\n      height=\"720\"\n      alt=\"Heat pump system - SPHERA EVO 2\"\n      \n              srcset=\"https:\/\/bd.plavipixel.hr\/wp-content\/uploads\/2023\/02\/SPHERA-EVO_2.0.jpg 1050w, https:\/\/bd.plavipixel.hr\/wp-content\/uploads\/2023\/02\/SPHERA-EVO_2.0-300x206.jpg 300w, https:\/\/bd.plavipixel.hr\/wp-content\/uploads\/2023\/02\/SPHERA-EVO_2.0-1024x702.jpg 1024w, https:\/\/bd.plavipixel.hr\/wp-content\/uploads\/2023\/02\/SPHERA-EVO_2.0-768x527.jpg 768w\"\n              sizes=\"auto, (max-width: 1050px) 100vw, 1050px\"\n          >\n  \n\n\t\t\t\t\t\n\t\t\t\t\t\t<\/div>\n\t<\/div>\n\n\t<\/figure>\n\n         <\/div>\n         <\/div><div class=\"bde-column-18-107 bde-column product-features\" data-entrance=\"slideRight\">\n          \n          \n  \n\t\n\n\n\n<div class=\"bde-text-18-137 bde-text\">\n          \n          Features and Benefits\n         <\/div><ul class=\"bde-basic-list-18-138 bde-basic-list\">\n          \n            <li  >    \n          Razred energetske u\u010dinkovitosti grijanja A+++ na 35 \u00b0C\n      <\/li>\n  <li  >    \n          Visoka razina u\u010dinkovitosti i kod grijanja i kod hla\u0111enja\n      <\/li>\n  <li  >    \n          Funkcija Quiet Mode omogu\u0107uje jo\u0161 ti\u0161i na\u010din rada\n      <\/li>\n  <li  >    \n          Vrlo visoka u\u010dinkovitost \u010dak i u hladnim klimama\n      <\/li>\n  <li  >    \n          Daljinsko upravljanje zahvaljuju\u0107i DC inverter tehnologiji\n      <\/li>\n  <li  >    \n          Monoblok verzija samo za hidrauli\u010dku ugradnju\n      <\/li>\n         <\/ul>\n         <\/div><\/div><\/div>\n         <\/section><section class=\"bde-section-18-132 bde-section\">\n          \n          \n  \n\t\n\n\n\n        <div class=\"section-shape-divider-wrapper section-shape-divider-wrapper--1\">\n          <span class=\"section-shape-divider\">\n                      <svg preserveaspectratio=\"xMidYMin slice\" fill=\"currentColor\" xmlns=\"http:\/\/www.w3.org\/2000\/svg\"xml:space=\"preserve\" style=\"fill-rule:evenodd;clip-rule:evenodd;stroke-linejoin:round;stroke-miterlimit:2\" viewbox=\"0 0 2590 300\"><g transform=\"scale(.99981 1.0317)\"><path d=\"M0 0h2590.49v290.782H0z\" style=\"fill:none\"\/><clippath id=\"a\"><path d=\"M0 0h2590.49v290.782H0z\"\/><\/clippath><g clip-path=\"url(#a)\"><path d=\"m1271.942 167.484 23.304-22.093 75.014-72.696 21.444-21.123C1419.24 20.036 1460.367 0 1506.286 0l.99.003.01-.003 1082.206 1.543v289.239H1287.014L0 290.559v-72.473h1156.22l.03-.012c.66.008 1.31.012 1.97.012 45.449 0 86.206-19.626 113.722-50.602Z\"\/><\/g><\/g><\/svg>\n                    <\/span>\n      <\/div>\n  <div class=\"section-container\"><div class=\"bde-animated-heading-18-140 bde-animated-heading\">\n          \n          <h3 class=\"bde-animated-heading__text\">\n\t<span>Discover its<\/span>\n\n\t<span class=\"bde-animated-heading__wrapper\"><\/span>\n\n\n\n\n<\/h3>\n\n<noscript>\n      <h3 class=\"bde-animated-heading__noscript\">\n      <span>Discover its<\/span>\n      Benefits\n      <span><\/span>\n    <\/h3>\n      <h3 class=\"bde-animated-heading__noscript\">\n      <span>Discover its<\/span>\n      Quality\n      <span><\/span>\n    <\/h3>\n      <h3 class=\"bde-animated-heading__noscript\">\n      <span>Discover its<\/span>\n      Performance\n      <span><\/span>\n    <\/h3>\n  <\/noscript>\n         <\/div><div class=\"bde-image-accordion-18-131 bde-image-accordion\">\n          \n          \n  \n    \n    <div class=\"ee-image-accordion-item ee-image-accordion-item-1\">\n\n                            \n            \n            \n\n    \n    \n    <a class=\"breakdance-link  ee-image-accordion-link\" href=\"\/hr\/\" target=\"_self\" data-type=\"url\"  >\n    <\/a>\n\n            \n       \n\n                      <div class=\"ee-image-accordion-content-item ee-image-accordion-icon\"><svg xmlns=\"http:\/\/www.w3.org\/2000\/svg\" viewbox=\"0 0 576 512\"><!-- Font Awesome Free 5.15.1 by @fontawesome - https:\/\/fontawesome.com License - https:\/\/fontawesome.com\/license\/free (Icons: CC BY 4.0, Fonts: SIL OFL 1.1, Code: MIT License) --><path d=\"M280.37 148.26L96 300.11V464a16 16 0 0 0 16 16l112.06-.29a16 16 0 0 0 15.92-16V368a16 16 0 0 1 16-16h64a16 16 0 0 1 16 16v95.64a16 16 0 0 0 16 16.05L464 480a16 16 0 0 0 16-16V300L295.67 148.26a12.19 12.19 0 0 0-15.3 0zM571.6 251.47L488 182.56V44.05a12 12 0 0 0-12-12h-56a12 12 0 0 0-12 12v72.61L318.47 43a48 48 0 0 0-61 0L4.34 251.47a12 12 0 0 0-1.6 16.9l25.5 31A12 12 0 0 0 45.15 301l235.22-193.74a12.19 12.19 0 0 1 15.3 0L530.9 301a12 12 0 0 0 16.9-1.6l25.5-31a12 12 0 0 0-1.7-16.93z\"\/><\/svg><\/div>\n                    \n                      <div class=\"ee-image-accordion-content-item ee-image-accordion-title\" >Optimized Performance<\/div>\n          \n                      <div class=\"ee-image-accordion-content-item ee-image-accordion-desc\"  >High efficiency climate<\/div>\n          \n      \n                    <img decoding=\"async\" src=\"https:\/\/source.unsplash.com\/qfvlR390Zrs\/600x600\">\n        \n    <\/div>\n\n  \n    \n    <div class=\"ee-image-accordion-item ee-image-accordion-item-2\">\n\n                            \n            \n            \n\n    \n    \n    <a class=\"breakdance-link  ee-image-accordion-link\" href=\"\/hr\/\" target=\"_self\" data-type=\"url\"  >\n    <\/a>\n\n            \n       \n\n                      <div class=\"ee-image-accordion-content-item ee-image-accordion-icon\"><svg xmlns=\"http:\/\/www.w3.org\/2000\/svg\" viewbox=\"0 0 576 512\"><!-- Font Awesome Free 5.15.1 by @fontawesome - https:\/\/fontawesome.com License - https:\/\/fontawesome.com\/license\/free (Icons: CC BY 4.0, Fonts: SIL OFL 1.1, Code: MIT License) --><path d=\"M546.2 9.7c-5.6-12.5-21.6-13-28.3-1.2C486.9 62.4 431.4 96 368 96h-80C182 96 96 182 96 288c0 7 .8 13.7 1.5 20.5C161.3 262.8 253.4 224 384 224c8.8 0 16 7.2 16 16s-7.2 16-16 16C132.6 256 26 410.1 2.4 468c-6.6 16.3 1.2 34.9 17.5 41.6 16.4 6.8 35-1.1 41.8-17.3 1.5-3.6 20.9-47.9 71.9-90.6 32.4 43.9 94 85.8 174.9 77.2C465.5 467.5 576 326.7 576 154.3c0-50.2-10.8-102.2-29.8-144.6z\"\/><\/svg><\/div>\n                    \n                      <div class=\"ee-image-accordion-content-item ee-image-accordion-title\" >Ecofriendly<\/div>\n          \n                      <div class=\"ee-image-accordion-content-item ee-image-accordion-desc\"  >Rent surfboards, kayas, and jet skis.<\/div>\n          \n      \n                    <img decoding=\"async\" src=\"https:\/\/source.unsplash.com\/6fiRnDWxQMw\/600x600\">\n        \n    <\/div>\n\n  \n    \n    <div class=\"ee-image-accordion-item ee-image-accordion-item-3\">\n\n                            \n            \n            \n\n    \n    \n    <a class=\"breakdance-link  ee-image-accordion-link\" href=\"\/hr\/\" target=\"_self\" data-type=\"url\"  >\n    <\/a>\n\n            \n       \n\n                      <div class=\"ee-image-accordion-content-item ee-image-accordion-icon\"><svg xmlns=\"http:\/\/www.w3.org\/2000\/svg\" viewbox=\"0 0 640 512\"><!-- Font Awesome Free 5.15.1 by @fontawesome - https:\/\/fontawesome.com License - https:\/\/fontawesome.com\/license\/free (Icons: CC BY 4.0, Fonts: SIL OFL 1.1, Code: MIT License) --><path d=\"M160 224v64h320v-64c0-35.3 28.7-64 64-64h32c0-53-43-96-96-96H160c-53 0-96 43-96 96h32c35.3 0 64 28.7 64 64zm416-32h-32c-17.7 0-32 14.3-32 32v96H128v-96c0-17.7-14.3-32-32-32H64c-35.3 0-64 28.7-64 64 0 23.6 13 44 32 55.1V432c0 8.8 7.2 16 16 16h64c8.8 0 16-7.2 16-16v-16h384v16c0 8.8 7.2 16 16 16h64c8.8 0 16-7.2 16-16V311.1c19-11.1 32-31.5 32-55.1 0-35.3-28.7-64-64-64z\"\/><\/svg><\/div>\n                    \n                      <div class=\"ee-image-accordion-content-item ee-image-accordion-title\" >Comfort<\/div>\n          \n                      <div class=\"ee-image-accordion-content-item ee-image-accordion-desc\"  >Walking, bike, and jeep tours.<\/div>\n          \n      \n                    <img decoding=\"async\" src=\"https:\/\/source.unsplash.com\/O0xQcGATOw4\/600x600\">\n        \n    <\/div>\n\n           <\/div><\/div>\n         <\/section><section class=\"bde-section-18-141 bde-section\">\n          \n          \n  \n\t\n\n\n\n<div class=\"section-container\"><div class=\"bde-columns-18-142 bde-columns\"><div class=\"bde-column-18-143 bde-column\">\n          \n          \n  \n\t\n\n\n\n<div class=\"bde-rich-text-18-148 bde-rich-text breakdance-rich-text-styles\">\n          \n          <h4>Interactive Partners Map<\/h4><p>This can be populated with Partners Search Interactive Google map<\/p>\n         <\/div><div class=\"bde-google-map-18-149 bde-google-map\">\n          \n          \r\n<iframe width=\"100%\" height=\"100%\" style=\"border:0\" loading=\"lazy\" src=\"https:\/\/www.google.com\/maps\/embed\/v1\/place?key=AIzaSyBnwp8sCdW-YvctRa_UxyVKG1xDdjOs9a0&q=Space+Needle%0D%0ASeattle+WA&zoom=14&maptype=roadmap\" allowfullscreen><\/iframe>\n\n         <\/div>\n         <\/div><div class=\"bde-column-18-144 bde-column\">\n          \n          \n  \n\t\n\n\n\n<h4 class=\"bde-heading-18-146 bde-heading\">\n          \n          SFERA EVO 2.0\n         <\/h4><div class=\"bde-rich-text-18-147 bde-rich-text breakdance-rich-text-styles\">\n          \n          <p>Ovaj obrazac \u0107e automatksi biti poslan sa Temom koja opisuje proizvod.<\/p>\n         <\/div><div class=\"bde-form-builder-18-145 bde-form-builder\">\n          \n          \n          \n          \n<form id=\"contact-form145\" class=\"breakdance-form breakdance-form--vertical\" data-options=\"{&quot;slug&quot;:&quot;custom&quot;,&quot;name&quot;:&quot;Contact Form&quot;,&quot;ajaxUrl&quot;:&quot;https:\\\/\\\/bd.plavipixel.hr\\\/wp-admin\\\/admin-ajax.php&quot;,&quot;clearOnSuccess&quot;:true,&quot;hideOnSuccess&quot;:false,&quot;successMessage&quot;:&quot;Your message has been received!&quot;,&quot;errorMessage&quot;:&quot;Something went wrong&quot;,&quot;redirect&quot;:null,&quot;redirectUrl&quot;:null,&quot;customJavaScript&quot;:null,&quot;recaptcha&quot;:{&quot;key&quot;:&quot;&quot;,&quot;enabled&quot;:null},&quot;honeypot_enabled&quot;:false,&quot;popupsOnSuccess&quot;:[],&quot;popupsOnError&quot;:[]}\" data-steps=\"0\" action=\"\" >\n  \n  \n  \n          \n          <div class=\"breakdance-form-field breakdance-form-field--text\" >\n    \n            <label class=\"breakdance-form-field__label\" for=\"name\">\n            Ime<span class=\"breakdance-form-field__required\">*<\/span><\/span>\n        <\/label>\n    \n    <input\n    class=\"breakdance-form-field__input\"\n    id=\"name\"\n    aria-describedby=\"name\"\n    type=\"text\"\n    name=\"fields[name]\"\n    placeholder=\"\"\n    value=\"\"\n        \n    \n    \n    required\n>\n\n\n    \n    \n<\/div>\n\n         \n          \n          <div class=\"breakdance-form-field breakdance-form-field--email\" >\n    \n            <label class=\"breakdance-form-field__label\" for=\"email\">\n            Email<span class=\"breakdance-form-field__required\">*<\/span><\/span>\n        <\/label>\n    \n    <input\n    class=\"breakdance-form-field__input\"\n    id=\"email\"\n    aria-describedby=\"email\"\n    type=\"email\"\n    name=\"fields[email]\"\n    placeholder=\"\"\n    value=\"\"\n        \n    \n    \n    required\n>\n\n\n    \n    \n<\/div>\n\n         \n          \n          <div class=\"breakdance-form-field breakdance-form-field--textarea\" >\n    \n            <label class=\"breakdance-form-field__label\" for=\"message\">\n            Message<span class=\"breakdance-form-field__required\">*<\/span><\/span>\n        <\/label>\n    \n    <textarea\n    class=\"breakdance-form-field__input\"\n    id=\"message\"\n    aria-describedby=\"message\"\n    type=\"textarea\"\n    name=\"fields[message]\"\n        placeholder=\"\"\n    required\n>\n<\/textarea>\n\n\n    \n    \n<\/div>\n\n         \n  \n\n<footer class=\"breakdance-form-field breakdance-form-footer\">\n    \n    \n                                    \n    \n            <button type=\"submit\" class=\"button-atom button-atom--primary breakdance-form-button breakdance-form-button__submit\" >\n    \n        <span class=\"button-atom__text\">Po\u0161alji<\/span>\n\n        \n        \n            <\/button>\n    \n    <input type=\"hidden\" name=\"form_id\" value=\"145\">\n    <input type=\"hidden\" name=\"post_id\" value=\"18\">\n<\/footer>\n\n  \n<input type=\"hidden\" name=\"trp-form-language\" value=\"hr\"\/><\/form>\n\n         \n\n         <\/div>\n         <\/div><\/div><\/div>\n         <\/section>","protected":false},"excerpt":{"rendered":"","protected":false},"author":1,"featured_media":0,"parent":0,"menu_order":0,"comment_status":"closed","ping_status":"closed","template":"","meta":{"_breakdance_hide_in_design_set":false,"_breakdance_tags":"","footnotes":""},"class_list":["post-18","page","type-page","status-publish","hentry"],"_links":{"self":[{"href":"https:\/\/bd.plavipixel.hr\/hr\/wp-json\/wp\/v2\/pages\/18","targetHints":{"allow":["GET"]}}],"collection":[{"href":"https:\/\/bd.plavipixel.hr\/hr\/wp-json\/wp\/v2\/pages"}],"about":[{"href":"https:\/\/bd.plavipixel.hr\/hr\/wp-json\/wp\/v2\/types\/page"}],"author":[{"embeddable":true,"href":"https:\/\/bd.plavipixel.hr\/hr\/wp-json\/wp\/v2\/users\/1"}],"replies":[{"embeddable":true,"href":"https:\/\/bd.plavipixel.hr\/hr\/wp-json\/wp\/v2\/comments?post=18"}],"version-history":[{"count":64,"href":"https:\/\/bd.plavipixel.hr\/hr\/wp-json\/wp\/v2\/pages\/18\/revisions"}],"predecessor-version":[{"id":118,"href":"https:\/\/bd.plavipixel.hr\/hr\/wp-json\/wp\/v2\/pages\/18\/revisions\/118"}],"wp:attachment":[{"href":"https:\/\/bd.plavipixel.hr\/hr\/wp-json\/wp\/v2\/media?parent=18"}],"curies":[{"name":"wp","href":"https:\/\/api.w.org\/{rel}","templated":true}]}}